{"id":83,"date":"2013-11-05T09:53:25","date_gmt":"2013-11-05T08:53:25","guid":{"rendered":"http:\/\/www.kiskunmajsafc.hu\/?page_id=83"},"modified":"2017-01-06T12:24:52","modified_gmt":"2017-01-06T11:24:52","slug":"u13-as-csapat","status":"publish","type":"page","link":"https:\/\/www.kiskunmajsafc.hu\/?page_id=83","title":{"rendered":"U13-as csapat"},"content":{"rendered":"<table class=\" aligncenter\" border=\"0\" width=\"641\" cellspacing=\"0\" cellpadding=\"0\">\n<tbody>\n<tr>\n<td valign=\"bottom\" nowrap=\"nowrap\" width=\"75\"><\/td>\n<td valign=\"bottom\" nowrap=\"nowrap\" width=\"490\">\n<p align=\"center\">Sz\u0151ke Fl\u00f3ra Fruzsina 2004<\/p>\n<\/td>\n<\/tr>\n<tr>\n<td valign=\"bottom\" nowrap=\"nowrap\" width=\"75\"><\/td>\n<td valign=\"bottom\" nowrap=\"nowrap\" width=\"490\">\n<p align=\"center\">Patyi Mil\u00e1n 2004<\/p>\n<\/td>\n<\/tr>\n<tr>\n<td valign=\"bottom\" nowrap=\"nowrap\" width=\"75\"><\/td>\n<td valign=\"bottom\" nowrap=\"nowrap\" width=\"490\">\n<p align=\"center\">Cs\u00e1sz\u00e1r Xav\u00e9r 2004<\/p>\n<\/td>\n<\/tr>\n<tr>\n<td valign=\"bottom\" nowrap=\"nowrap\" width=\"75\"><\/td>\n<td valign=\"bottom\" nowrap=\"nowrap\" width=\"490\">\n<p align=\"center\">Simon Kriszti\u00e1n 2005<\/p>\n<\/td>\n<\/tr>\n<tr>\n<td valign=\"bottom\" nowrap=\"nowrap\" width=\"75\"><\/td>\n<td valign=\"bottom\" nowrap=\"nowrap\" width=\"490\">\n<p align=\"center\">Kert\u00e9sz M\u00e1rk 2005<\/p>\n<\/td>\n<\/tr>\n<tr>\n<td valign=\"bottom\" nowrap=\"nowrap\" width=\"75\"><\/td>\n<td valign=\"bottom\" nowrap=\"nowrap\" width=\"490\">\n<p align=\"center\">Szil\u00e1gyi \u00c1d\u00e1m 2005<\/p>\n<\/td>\n<\/tr>\n<tr>\n<td valign=\"bottom\" nowrap=\"nowrap\" width=\"75\"><\/td>\n<td valign=\"bottom\" nowrap=\"nowrap\" width=\"490\">\n<p align=\"center\">V\u00edg D\u00e1niel 2005<\/p>\n<\/td>\n<\/tr>\n<tr>\n<td valign=\"bottom\" nowrap=\"nowrap\" width=\"75\"><\/td>\n<td valign=\"bottom\" nowrap=\"nowrap\" width=\"490\">\n<p align=\"center\">T\u00f3th-Deme \u00c1ron 2005<\/p>\n<\/td>\n<\/tr>\n<tr>\n<td valign=\"bottom\" nowrap=\"nowrap\" width=\"75\"><\/td>\n<td valign=\"bottom\" nowrap=\"nowrap\" width=\"490\"><\/td>\n<\/tr>\n<tr>\n<td valign=\"bottom\" nowrap=\"nowrap\" width=\"75\"><\/td>\n<td valign=\"bottom\" nowrap=\"nowrap\" width=\"490\"><\/td>\n<\/tr>\n<tr>\n<td valign=\"bottom\" nowrap=\"nowrap\" width=\"75\"><\/td>\n<td valign=\"bottom\" nowrap=\"nowrap\" width=\"490\"><\/td>\n<\/tr>\n<tr>\n<td valign=\"bottom\" nowrap=\"nowrap\" width=\"75\"><\/td>\n<td valign=\"bottom\" nowrap=\"nowrap\" width=\"490\"><\/td>\n<\/tr>\n<tr>\n<td valign=\"bottom\" nowrap=\"nowrap\" width=\"75\"><\/td>\n<td valign=\"bottom\" nowrap=\"nowrap\" width=\"490\"><\/td>\n<\/tr>\n<tr>\n<td valign=\"bottom\" nowrap=\"nowrap\" width=\"75\"><\/td>\n<td valign=\"bottom\" nowrap=\"nowrap\" width=\"490\"><\/td>\n<\/tr>\n<\/tbody>\n<\/table>\n","protected":false},"excerpt":{"rendered":"<p>Sz\u0151ke Fl\u00f3ra Fruzsina 2004 Patyi Mil\u00e1n 2004 Cs\u00e1sz\u00e1r Xav\u00e9r 2004 Simon Kriszti\u00e1n 2005 Kert\u00e9sz M\u00e1rk 2005 Szil\u00e1gyi \u00c1d\u00e1m 2005 V\u00edg D\u00e1niel 2005 T\u00f3th-Deme \u00c1ron 2005<\/p>\n","protected":false},"author":1,"featured_media":0,"parent":19,"menu_order":3,"comment_status":"open","ping_status":"open","template":"","meta":[],"_links":{"self":[{"href":"https:\/\/www.kiskunmajsafc.hu\/index.php?rest_route=\/wp\/v2\/pages\/83"}],"collection":[{"href":"https:\/\/www.kiskunmajsafc.hu\/index.php?rest_route=\/wp\/v2\/pages"}],"about":[{"href":"https:\/\/www.kiskunmajsafc.hu\/index.php?rest_route=\/wp\/v2\/types\/page"}],"author":[{"embeddable":true,"href":"https:\/\/www.kiskunmajsafc.hu\/index.php?rest_route=\/wp\/v2\/users\/1"}],"replies":[{"embeddable":true,"href":"https:\/\/www.kiskunmajsafc.hu\/index.php?rest_route=%2Fwp%2Fv2%2Fcomments&post=83"}],"version-history":[{"count":4,"href":"https:\/\/www.kiskunmajsafc.hu\/index.php?rest_route=\/wp\/v2\/pages\/83\/revisions"}],"predecessor-version":[{"id":342,"href":"https:\/\/www.kiskunmajsafc.hu\/index.php?rest_route=\/wp\/v2\/pages\/83\/revisions\/342"}],"up":[{"embeddable":true,"href":"https:\/\/www.kiskunmajsafc.hu\/index.php?rest_route=\/wp\/v2\/pages\/19"}],"wp:attachment":[{"href":"https:\/\/www.kiskunmajsafc.hu\/index.php?rest_route=%2Fwp%2Fv2%2Fmedia&parent=83"}],"curies":[{"name":"wp","href":"https:\/\/api.w.org\/{rel}","templated":true}]}}