{"id":81,"date":"2013-11-05T09:52:59","date_gmt":"2013-11-05T08:52:59","guid":{"rendered":"http:\/\/www.kiskunmajsafc.hu\/?page_id=81"},"modified":"2017-01-06T12:20:54","modified_gmt":"2017-01-06T11:20:54","slug":"u11-es-csapat","status":"publish","type":"page","link":"https:\/\/www.kiskunmajsafc.hu\/?page_id=81","title":{"rendered":"U11-es csapat"},"content":{"rendered":"<table class=\" aligncenter\" border=\"0\" width=\"641\" cellspacing=\"0\" cellpadding=\"0\">\n<tbody>\n<tr>\n<td valign=\"bottom\" nowrap=\"nowrap\" width=\"75\">\n<p align=\"center\">\n<\/td>\n<td valign=\"bottom\" nowrap=\"nowrap\" width=\"490\">\n<p align=\"center\">Patyi Don\u00e1t 2007<\/p>\n<\/td>\n<\/tr>\n<tr>\n<td valign=\"bottom\" nowrap=\"nowrap\" width=\"75\">\n<p align=\"center\">\n<\/td>\n<td valign=\"bottom\" nowrap=\"nowrap\" width=\"490\">\n<p align=\"center\">T\u00f6r\u0151csik Zsombor 2007<\/p>\n<\/td>\n<\/tr>\n<tr>\n<td valign=\"bottom\" nowrap=\"nowrap\" width=\"75\">\n<p align=\"center\">\n<\/td>\n<td valign=\"bottom\" nowrap=\"nowrap\" width=\"490\">\n<p align=\"center\">Gy\u00f6ngy\u00f6si M\u00e1rk 2007<\/p>\n<\/td>\n<\/tr>\n<tr>\n<td valign=\"bottom\" nowrap=\"nowrap\" width=\"75\">\n<p align=\"center\">\n<\/td>\n<td valign=\"bottom\" nowrap=\"nowrap\" width=\"490\">\n<p align=\"center\">Rokolya Mil\u00e1n 2007<\/p>\n<\/td>\n<\/tr>\n<tr>\n<td valign=\"bottom\" nowrap=\"nowrap\" width=\"75\">\n<p align=\"center\">\n<\/td>\n<td valign=\"bottom\" nowrap=\"nowrap\" width=\"490\">\n<p align=\"center\">Patyi P\u00e9ter L\u00e1szl\u00f3 2006<\/p>\n<\/td>\n<\/tr>\n<tr>\n<td valign=\"bottom\" nowrap=\"nowrap\" width=\"75\">\n<p align=\"center\">\n<\/td>\n<td valign=\"bottom\" nowrap=\"nowrap\" width=\"490\">\n<p align=\"center\">Czak\u00f3 L\u00e9n\u00e1rd 2006<\/p>\n<\/td>\n<\/tr>\n<tr>\n<td valign=\"bottom\" nowrap=\"nowrap\" width=\"75\">\n<p align=\"center\">\n<\/td>\n<td valign=\"bottom\" nowrap=\"nowrap\" width=\"490\">\n<p align=\"center\">Kakukk Marcell 2005<\/p>\n<\/td>\n<\/tr>\n<\/tbody>\n<\/table>\n","protected":false},"excerpt":{"rendered":"<p>Patyi Don\u00e1t 2007 T\u00f6r\u0151csik Zsombor 2007 Gy\u00f6ngy\u00f6si M\u00e1rk 2007 Rokolya Mil\u00e1n 2007 Patyi P\u00e9ter L\u00e1szl\u00f3 2006 Czak\u00f3 L\u00e9n\u00e1rd 2006 Kakukk Marcell 2005<\/p>\n","protected":false},"author":1,"featured_media":0,"parent":19,"menu_order":2,"comment_status":"open","ping_status":"open","template":"","meta":[],"_links":{"self":[{"href":"https:\/\/www.kiskunmajsafc.hu\/index.php?rest_route=\/wp\/v2\/pages\/81"}],"collection":[{"href":"https:\/\/www.kiskunmajsafc.hu\/index.php?rest_route=\/wp\/v2\/pages"}],"about":[{"href":"https:\/\/www.kiskunmajsafc.hu\/index.php?rest_route=\/wp\/v2\/types\/page"}],"author":[{"embeddable":true,"href":"https:\/\/www.kiskunmajsafc.hu\/index.php?rest_route=\/wp\/v2\/users\/1"}],"replies":[{"embeddable":true,"href":"https:\/\/www.kiskunmajsafc.hu\/index.php?rest_route=%2Fwp%2Fv2%2Fcomments&post=81"}],"version-history":[{"count":3,"href":"https:\/\/www.kiskunmajsafc.hu\/index.php?rest_route=\/wp\/v2\/pages\/81\/revisions"}],"predecessor-version":[{"id":338,"href":"https:\/\/www.kiskunmajsafc.hu\/index.php?rest_route=\/wp\/v2\/pages\/81\/revisions\/338"}],"up":[{"embeddable":true,"href":"https:\/\/www.kiskunmajsafc.hu\/index.php?rest_route=\/wp\/v2\/pages\/19"}],"wp:attachment":[{"href":"https:\/\/www.kiskunmajsafc.hu\/index.php?rest_route=%2Fwp%2Fv2%2Fmedia&parent=81"}],"curies":[{"name":"wp","href":"https:\/\/api.w.org\/{rel}","templated":true}]}}