{"id":79,"date":"2013-11-05T09:52:31","date_gmt":"2013-11-05T08:52:31","guid":{"rendered":"http:\/\/www.kiskunmajsafc.hu\/?page_id=79"},"modified":"2017-01-06T12:16:33","modified_gmt":"2017-01-06T11:16:33","slug":"u9-es-csapat","status":"publish","type":"page","link":"https:\/\/www.kiskunmajsafc.hu\/?page_id=79","title":{"rendered":"U9-es csapat"},"content":{"rendered":"<table class=\" aligncenter\" border=\"0\" width=\"641\" cellspacing=\"0\" cellpadding=\"0\">\n<tbody>\n<tr>\n<td valign=\"bottom\" nowrap=\"nowrap\" width=\"75\"><\/td>\n<td valign=\"bottom\" nowrap=\"nowrap\" width=\"490\">\n<p align=\"center\">Hersics Huba 2008<\/p>\n<\/td>\n<\/tr>\n<tr>\n<td valign=\"bottom\" nowrap=\"nowrap\" width=\"75\"><\/td>\n<td valign=\"bottom\" nowrap=\"nowrap\" width=\"490\">\n<p align=\"center\">Czombos Noel 2008<\/p>\n<\/td>\n<\/tr>\n<tr>\n<td valign=\"bottom\" nowrap=\"nowrap\" width=\"75\"><\/td>\n<td valign=\"bottom\" nowrap=\"nowrap\" width=\"490\">\n<p align=\"center\">Kratok \u00c1d\u00e1m P\u00e9ter 2008<\/p>\n<\/td>\n<\/tr>\n<tr>\n<td valign=\"bottom\" nowrap=\"nowrap\" width=\"75\"><\/td>\n<td valign=\"bottom\" nowrap=\"nowrap\" width=\"490\">\n<p align=\"center\">Nagy Noel Patrik2008<\/p>\n<\/td>\n<\/tr>\n<tr>\n<td valign=\"bottom\" nowrap=\"nowrap\" width=\"75\"><\/td>\n<td valign=\"bottom\" nowrap=\"nowrap\" width=\"490\">\n<p align=\"center\">Szir\u00e1czki Gerg\u0151 2009<\/p>\n<\/td>\n<\/tr>\n<tr>\n<td valign=\"bottom\" nowrap=\"nowrap\" width=\"75\"><\/td>\n<td valign=\"bottom\" nowrap=\"nowrap\" width=\"490\">\n<p align=\"center\">Szir\u00e1czki Mil\u00e1n 2009<\/p>\n<\/td>\n<\/tr>\n<tr>\n<td valign=\"bottom\" nowrap=\"nowrap\" width=\"75\"><\/td>\n<td valign=\"bottom\" nowrap=\"nowrap\" width=\"490\"><\/td>\n<\/tr>\n<tr>\n<td valign=\"bottom\" nowrap=\"nowrap\" width=\"75\"><\/td>\n<td valign=\"bottom\" nowrap=\"nowrap\" width=\"490\"><\/td>\n<\/tr>\n<tr>\n<td valign=\"bottom\" nowrap=\"nowrap\" width=\"75\"><\/td>\n<td valign=\"bottom\" nowrap=\"nowrap\" width=\"490\"><\/td>\n<\/tr>\n<tr>\n<td valign=\"bottom\" nowrap=\"nowrap\" width=\"75\"><\/td>\n<td valign=\"bottom\" nowrap=\"nowrap\" width=\"490\"><\/td>\n<\/tr>\n<\/tbody>\n<\/table>\n","protected":false},"excerpt":{"rendered":"<p>Hersics Huba 2008 Czombos Noel 2008 Kratok \u00c1d\u00e1m P\u00e9ter 2008 Nagy Noel Patrik2008 Szir\u00e1czki Gerg\u0151 2009 Szir\u00e1czki Mil\u00e1n 2009<\/p>\n","protected":false},"author":1,"featured_media":0,"parent":19,"menu_order":1,"comment_status":"open","ping_status":"open","template":"","meta":[],"_links":{"self":[{"href":"https:\/\/www.kiskunmajsafc.hu\/index.php?rest_route=\/wp\/v2\/pages\/79"}],"collection":[{"href":"https:\/\/www.kiskunmajsafc.hu\/index.php?rest_route=\/wp\/v2\/pages"}],"about":[{"href":"https:\/\/www.kiskunmajsafc.hu\/index.php?rest_route=\/wp\/v2\/types\/page"}],"author":[{"embeddable":true,"href":"https:\/\/www.kiskunmajsafc.hu\/index.php?rest_route=\/wp\/v2\/users\/1"}],"replies":[{"embeddable":true,"href":"https:\/\/www.kiskunmajsafc.hu\/index.php?rest_route=%2Fwp%2Fv2%2Fcomments&post=79"}],"version-history":[{"count":3,"href":"https:\/\/www.kiskunmajsafc.hu\/index.php?rest_route=\/wp\/v2\/pages\/79\/revisions"}],"predecessor-version":[{"id":335,"href":"https:\/\/www.kiskunmajsafc.hu\/index.php?rest_route=\/wp\/v2\/pages\/79\/revisions\/335"}],"up":[{"embeddable":true,"href":"https:\/\/www.kiskunmajsafc.hu\/index.php?rest_route=\/wp\/v2\/pages\/19"}],"wp:attachment":[{"href":"https:\/\/www.kiskunmajsafc.hu\/index.php?rest_route=%2Fwp%2Fv2%2Fmedia&parent=79"}],"curies":[{"name":"wp","href":"https:\/\/api.w.org\/{rel}","templated":true}]}}