{"id":75,"date":"2013-11-05T09:48:07","date_gmt":"2013-11-05T08:48:07","guid":{"rendered":"http:\/\/www.kiskunmajsafc.hu\/?page_id=75"},"modified":"2017-01-02T15:16:37","modified_gmt":"2017-01-02T14:16:37","slug":"ifi-csapat","status":"publish","type":"page","link":"https:\/\/www.kiskunmajsafc.hu\/?page_id=75","title":{"rendered":"Ifi csapat"},"content":{"rendered":"<table class=\"aligncenter\" style=\"height: 543px;\" border=\"1\" width=\"1357\" cellspacing=\"0\" cellpadding=\"0\">\n<tbody>\n<tr>\n<td valign=\"top\" width=\"31\">1<\/td>\n<td valign=\"top\" width=\"348\">And\u00f3czi-Balog Roland<\/td>\n<td valign=\"top\" width=\"96\">1999<\/td>\n<\/tr>\n<tr>\n<td valign=\"top\" width=\"31\">2<\/td>\n<td valign=\"top\" width=\"348\">Gy\u00f3ni Viktor<\/td>\n<td valign=\"top\" width=\"96\">2000<\/td>\n<\/tr>\n<tr>\n<td valign=\"top\" width=\"31\">3<\/td>\n<td valign=\"top\" width=\"348\">Rokolya Tam\u00e1s Csaba<\/td>\n<td valign=\"top\" width=\"96\">1998<\/td>\n<\/tr>\n<tr>\n<td valign=\"top\" width=\"31\">4<\/td>\n<td valign=\"top\" width=\"348\">Balogh M\u00e1rk<\/td>\n<td valign=\"top\" width=\"96\">2000<\/td>\n<\/tr>\n<tr>\n<td valign=\"top\" width=\"31\">5<\/td>\n<td valign=\"top\" width=\"348\">\u00c9ter Soma<\/td>\n<td valign=\"top\" width=\"96\">1999<\/td>\n<\/tr>\n<tr>\n<td valign=\"top\" width=\"31\">6<\/td>\n<td valign=\"top\" width=\"348\">Sz\u0171cs Ferenc<\/td>\n<td valign=\"top\" width=\"96\">2001<\/td>\n<\/tr>\n<tr>\n<td valign=\"top\" width=\"31\">7<\/td>\n<td valign=\"top\" width=\"348\">G\u00e1l Martin<\/td>\n<td valign=\"top\" width=\"96\">1998<\/td>\n<\/tr>\n<tr>\n<td valign=\"top\" width=\"31\">8<\/td>\n<td valign=\"top\" width=\"348\">Moln\u00e1r Mih\u00e1ly<\/td>\n<td valign=\"top\" width=\"96\">1998<\/td>\n<\/tr>\n<tr>\n<td valign=\"top\" width=\"31\">9<\/td>\n<td valign=\"top\" width=\"348\">Tapodi M\u00e1rton<\/td>\n<td valign=\"top\" width=\"96\">1998<\/td>\n<\/tr>\n<tr>\n<td valign=\"top\" width=\"31\">10<\/td>\n<td valign=\"top\" width=\"348\">P\u00e9ter-H\u00e9deri Rich\u00e1rd<\/td>\n<td valign=\"top\" width=\"96\">1999<\/td>\n<\/tr>\n<tr>\n<td valign=\"top\" width=\"31\">11<\/td>\n<td valign=\"top\" width=\"348\">Ol\u00e1h Bence<\/td>\n<td valign=\"top\" width=\"96\">2000<\/td>\n<\/tr>\n<tr>\n<td valign=\"top\" width=\"31\">12<\/td>\n<td valign=\"top\" width=\"348\">Kardos Botond<\/td>\n<td valign=\"top\" width=\"96\">2000<\/td>\n<\/tr>\n<tr>\n<td valign=\"top\" width=\"31\">13<\/td>\n<td valign=\"top\" width=\"348\">Str\u00e1nszki Gerg\u0151<\/td>\n<td valign=\"top\" width=\"96\">1998<\/td>\n<\/tr>\n<tr>\n<td valign=\"top\" width=\"31\">14<\/td>\n<td valign=\"top\" width=\"348\">Balog \u00c1kos<\/td>\n<td valign=\"top\" width=\"96\">1999<\/td>\n<\/tr>\n<tr>\n<td valign=\"top\" width=\"31\">15<\/td>\n<td valign=\"top\" width=\"348\">Kamara M\u00e1t\u00e9<\/td>\n<td valign=\"top\" width=\"96\">2000<\/td>\n<\/tr>\n<tr>\n<td valign=\"top\" width=\"31\">17<\/td>\n<td valign=\"top\" width=\"348\">D\u00f3ka Ferenc Rich\u00e1rd<\/td>\n<td valign=\"top\" width=\"96\">2000<\/td>\n<\/tr>\n<tr>\n<td valign=\"top\" width=\"31\">18<\/td>\n<td valign=\"top\" width=\"348\">Forczek Tibor Zsolt<\/td>\n<td valign=\"top\" width=\"96\">1997<\/td>\n<\/tr>\n<tr>\n<td valign=\"top\" width=\"31\">19<\/p>\n<p>20<\/td>\n<td valign=\"top\" width=\"348\">Katona S\u00e1ndor<\/p>\n<p>Fejes \u00c1d\u00e1m<\/td>\n<td valign=\"top\" width=\"96\">1997<\/p>\n<p>2001<\/td>\n<\/tr>\n<\/tbody>\n<\/table>\n","protected":false},"excerpt":{"rendered":"<p>1 And\u00f3czi-Balog Roland 1999 2 Gy\u00f3ni Viktor 2000 3 Rokolya Tam\u00e1s Csaba 1998 4 Balogh M\u00e1rk 2000 5 \u00c9ter Soma 1999 6 Sz\u0171cs Ferenc 2001 7 G\u00e1l Martin 1998 8 Moln\u00e1r Mih\u00e1ly 1998 9 Tapodi M\u00e1rton 1998 10 P\u00e9ter-H\u00e9deri Rich\u00e1rd 1999 11 Ol\u00e1h Bence 2000 12 Kardos Botond 2000 13 Str\u00e1nszki Gerg\u0151 1998 14 Balog [&hellip;]<\/p>\n","protected":false},"author":1,"featured_media":0,"parent":19,"menu_order":5,"comment_status":"open","ping_status":"open","template":"","meta":[],"_links":{"self":[{"href":"https:\/\/www.kiskunmajsafc.hu\/index.php?rest_route=\/wp\/v2\/pages\/75"}],"collection":[{"href":"https:\/\/www.kiskunmajsafc.hu\/index.php?rest_route=\/wp\/v2\/pages"}],"about":[{"href":"https:\/\/www.kiskunmajsafc.hu\/index.php?rest_route=\/wp\/v2\/types\/page"}],"author":[{"embeddable":true,"href":"https:\/\/www.kiskunmajsafc.hu\/index.php?rest_route=\/wp\/v2\/users\/1"}],"replies":[{"embeddable":true,"href":"https:\/\/www.kiskunmajsafc.hu\/index.php?rest_route=%2Fwp%2Fv2%2Fcomments&post=75"}],"version-history":[{"count":4,"href":"https:\/\/www.kiskunmajsafc.hu\/index.php?rest_route=\/wp\/v2\/pages\/75\/revisions"}],"predecessor-version":[{"id":303,"href":"https:\/\/www.kiskunmajsafc.hu\/index.php?rest_route=\/wp\/v2\/pages\/75\/revisions\/303"}],"up":[{"embeddable":true,"href":"https:\/\/www.kiskunmajsafc.hu\/index.php?rest_route=\/wp\/v2\/pages\/19"}],"wp:attachment":[{"href":"https:\/\/www.kiskunmajsafc.hu\/index.php?rest_route=%2Fwp%2Fv2%2Fmedia&parent=75"}],"curies":[{"name":"wp","href":"https:\/\/api.w.org\/{rel}","templated":true}]}}