{"id":69,"date":"2013-11-05T09:32:48","date_gmt":"2013-11-05T08:32:48","guid":{"rendered":"http:\/\/www.kiskunmajsafc.hu\/?page_id=69"},"modified":"2017-01-02T14:39:52","modified_gmt":"2017-01-02T13:39:52","slug":"u-15-os-keret","status":"publish","type":"page","link":"https:\/\/www.kiskunmajsafc.hu\/?page_id=69","title":{"rendered":"U-15-\u00f6s keret"},"content":{"rendered":"<table class=\"aligncenter\" border=\"1\" cellspacing=\"0\" cellpadding=\"0\">\n<tbody>\n<tr>\n<td valign=\"top\" width=\"31\">1<\/td>\n<td valign=\"top\" width=\"348\">Juh\u00e1sz Gy\u00f6rgy<\/td>\n<td valign=\"top\" width=\"96\">2003.11.02.<\/td>\n<\/tr>\n<tr>\n<td valign=\"top\" width=\"31\">2<\/td>\n<td valign=\"top\" width=\"348\">F\u00f6ldes P\u00e9ter Barnab\u00e1s<\/td>\n<td valign=\"top\" width=\"96\">2001.01.10.<\/td>\n<\/tr>\n<tr>\n<td valign=\"top\" width=\"31\">3<\/td>\n<td valign=\"top\" width=\"348\">Sz\u0151ke Henrik Ferenc<\/td>\n<td valign=\"top\" width=\"96\">2001.10.15.<\/td>\n<\/tr>\n<tr>\n<td valign=\"top\" width=\"31\">4<\/td>\n<td valign=\"top\" width=\"348\">Nyerges M\u00e1rk<\/td>\n<td valign=\"top\" width=\"96\">2001.11.02.<\/td>\n<\/tr>\n<tr>\n<td valign=\"top\" width=\"31\">5<\/td>\n<td valign=\"top\" width=\"348\">N\u00e9met Zolt\u00e1n<\/td>\n<td valign=\"top\" width=\"96\">2016.08.30.<\/td>\n<\/tr>\n<tr>\n<td valign=\"top\" width=\"31\">6<\/td>\n<td valign=\"top\" width=\"348\">Luk\u00e1cs B\u00e1lint<\/td>\n<td valign=\"top\" width=\"96\">2003.06.01.<\/td>\n<\/tr>\n<tr>\n<td valign=\"top\" width=\"31\">7<\/td>\n<td valign=\"top\" width=\"348\">Lengyel Gerg\u0151<\/td>\n<td valign=\"top\" width=\"96\">2002.09.20.<\/td>\n<\/tr>\n<tr>\n<td valign=\"top\" width=\"31\">8<\/td>\n<td valign=\"top\" width=\"348\">Simon Viktor<\/td>\n<td valign=\"top\" width=\"96\">2001.01.15.<\/td>\n<\/tr>\n<tr>\n<td valign=\"top\" width=\"31\">9<\/td>\n<td valign=\"top\" width=\"348\">K\u00f3r\u00e9 Norbert<\/td>\n<td valign=\"top\" width=\"96\">2001.02.05.<\/td>\n<\/tr>\n<tr>\n<td valign=\"top\" width=\"31\">10<\/td>\n<td valign=\"top\" width=\"348\">Telek P\u00e9ter<\/td>\n<td valign=\"top\" width=\"96\">2002.09.30.<\/td>\n<\/tr>\n<tr>\n<td valign=\"top\" width=\"31\">11<\/td>\n<td valign=\"top\" width=\"348\">Simon Levente<\/td>\n<td valign=\"top\" width=\"96\">2002.04.19.<\/td>\n<\/tr>\n<tr>\n<td valign=\"top\" width=\"31\">12<\/td>\n<td valign=\"top\" width=\"348\">Heged\u0171s Norbert<\/td>\n<td valign=\"top\" width=\"96\">2002.01.22.<\/td>\n<\/tr>\n<tr>\n<td valign=\"top\" width=\"31\">13<\/td>\n<td valign=\"top\" width=\"348\">Lipitor Arnold<\/td>\n<td valign=\"top\" width=\"96\">2002.05.10.<\/td>\n<\/tr>\n<tr>\n<td valign=\"top\" width=\"31\">14<\/td>\n<td valign=\"top\" width=\"348\">R\u00e1cz Arnold<\/td>\n<td valign=\"top\" width=\"96\">2001.04.30.<\/td>\n<\/tr>\n<tr>\n<td valign=\"top\" width=\"31\">15<\/td>\n<td valign=\"top\" width=\"348\">Huszka Bendeg\u00faz<\/td>\n<td valign=\"top\" width=\"96\">2003.08.02.<\/td>\n<\/tr>\n<tr>\n<td valign=\"top\" width=\"31\"><\/td>\n<td valign=\"top\" width=\"348\"><\/td>\n<td valign=\"top\" width=\"96\"><\/td>\n<\/tr>\n<\/tbody>\n<\/table>\n<p style=\"text-align: center;\">\n","protected":false},"excerpt":{"rendered":"<p>1 Juh\u00e1sz Gy\u00f6rgy 2003.11.02. 2 F\u00f6ldes P\u00e9ter Barnab\u00e1s 2001.01.10. 3 Sz\u0151ke Henrik Ferenc 2001.10.15. 4 Nyerges M\u00e1rk 2001.11.02. 5 N\u00e9met Zolt\u00e1n 2016.08.30. 6 Luk\u00e1cs B\u00e1lint 2003.06.01. 7 Lengyel Gerg\u0151 2002.09.20. 8 Simon Viktor 2001.01.15. 9 K\u00f3r\u00e9 Norbert 2001.02.05. 10 Telek P\u00e9ter 2002.09.30. 11 Simon Levente 2002.04.19. 12 Heged\u0171s Norbert 2002.01.22. 13 Lipitor Arnold 2002.05.10. 14 [&hellip;]<\/p>\n","protected":false},"author":1,"featured_media":0,"parent":19,"menu_order":4,"comment_status":"open","ping_status":"open","template":"","meta":[],"_links":{"self":[{"href":"https:\/\/www.kiskunmajsafc.hu\/index.php?rest_route=\/wp\/v2\/pages\/69"}],"collection":[{"href":"https:\/\/www.kiskunmajsafc.hu\/index.php?rest_route=\/wp\/v2\/pages"}],"about":[{"href":"https:\/\/www.kiskunmajsafc.hu\/index.php?rest_route=\/wp\/v2\/types\/page"}],"author":[{"embeddable":true,"href":"https:\/\/www.kiskunmajsafc.hu\/index.php?rest_route=\/wp\/v2\/users\/1"}],"replies":[{"embeddable":true,"href":"https:\/\/www.kiskunmajsafc.hu\/index.php?rest_route=%2Fwp%2Fv2%2Fcomments&post=69"}],"version-history":[{"count":7,"href":"https:\/\/www.kiskunmajsafc.hu\/index.php?rest_route=\/wp\/v2\/pages\/69\/revisions"}],"predecessor-version":[{"id":300,"href":"https:\/\/www.kiskunmajsafc.hu\/index.php?rest_route=\/wp\/v2\/pages\/69\/revisions\/300"}],"up":[{"embeddable":true,"href":"https:\/\/www.kiskunmajsafc.hu\/index.php?rest_route=\/wp\/v2\/pages\/19"}],"wp:attachment":[{"href":"https:\/\/www.kiskunmajsafc.hu\/index.php?rest_route=%2Fwp%2Fv2%2Fmedia&parent=69"}],"curies":[{"name":"wp","href":"https:\/\/api.w.org\/{rel}","templated":true}]}}