{"id":42,"date":"2013-09-24T12:47:04","date_gmt":"2013-09-24T10:47:04","guid":{"rendered":"http:\/\/www.kiskunmajsafc.hu?page_id=42"},"modified":"2015-01-14T14:45:06","modified_gmt":"2015-01-14T13:45:06","slug":"tamop-2","status":"publish","type":"page","link":"https:\/\/www.kiskunmajsafc.hu\/?page_id=42","title":{"rendered":"\u00dajs\u00e1gcikkek"},"content":{"rendered":"<p><a href=\"http:\/\/www.kiskunmajsafc.hu\/wp-content\/uploads\/2013\/09\/A-daganatos-betegs\u00e9gek-lelki-okai.pdf\" target=\"_blank\">A daganatos betegs\u00e9gek lelki okai<\/a><\/p>\n<p><a href=\"http:\/\/www.kiskunmajsafc.hu\/wp-content\/uploads\/2013\/09\/A-gyermekkori-elh\u00edz\u00e1s.pdf\" target=\"_blank\">A gyermekkori elh\u00edz\u00e1s<\/a><\/p>\n<p><a href=\"http:\/\/www.kiskunmajsafc.hu\/wp-content\/uploads\/2013\/09\/A-min\u0151s\u00e9gi-t\u00e1pl\u00e1lkoz\u00e1s.pdf\" target=\"_blank\">A min\u0151s\u00e9gi t\u00e1pl\u00e1lkoz\u00e1s<\/a><\/p>\n<p><a href=\"http:\/\/www.kiskunmajsafc.hu\/wp-content\/uploads\/2013\/09\/A-t\u00e1pl\u00e1l\u00e9k-\u00e9p\u00edt\u0151k\u00f6vei.pdf\" target=\"_blank\">A t\u00e1pl\u00e1l\u00e9k \u00e9p\u00edt\u0151k\u00f6vei<\/a><\/p>\n<p><a href=\"http:\/\/www.kiskunmajsafc.hu\/wp-content\/uploads\/2013\/09\/A-t\u00e1pl\u00e1l\u00e9k-\u00e9p\u00edt\u0151k\u00f6vei-II.pdf\" target=\"_blank\">A t\u00e1pl\u00e1l\u00e9k \u00e9p\u00edt\u0151k\u00f6vei II<\/a><\/p>\n<p><a href=\"http:\/\/www.kiskunmajsafc.hu\/wp-content\/uploads\/2013\/09\/A-tudatos-v\u00e1s\u00e1rl\u00e1s.pdf\" target=\"_blank\">A tudatos v\u00e1s\u00e1rl\u00e1s<\/a><\/p>\n<p><a href=\"http:\/\/www.kiskunmajsafc.hu\/wp-content\/uploads\/2013\/09\/Az-\u00e9ltet\u0151-v\u00edz.pdf\" target=\"_blank\">Az \u00e9ltet\u0151 v\u00edz<\/a><\/p>\n<p><a href=\"http:\/\/www.kiskunmajsafc.hu\/wp-content\/uploads\/2013\/09\/Az-optim\u00e1lis-tests\u00faly-titka.pdf\" target=\"_blank\">Az optim\u00e1lis tests\u00faly titka<\/a><\/p>\n<p><a href=\"http:\/\/www.kiskunmajsafc.hu\/wp-content\/uploads\/2013\/09\/El\u00e9rhet\u0151-mozg\u00e1sform\u00e1k-mindenkinek.pdf\" target=\"_blank\">El\u00e9rhet\u0151 mozg\u00e1sform\u00e1k mindenkinek<\/a><\/p>\n<p><a href=\"http:\/\/www.kiskunmajsafc.hu\/wp-content\/uploads\/2013\/09\/T\u00e1pl\u00e1l\u00e9k-azaz-\u00e9let-\u00e9s-energia.pdf\" target=\"_blank\">T\u00e1pl\u00e1l\u00e9k azaz \u00e9let \u00e9s energia<\/a><\/p>\n<p><a href=\"http:\/\/www.kiskunmajsafc.hu\/wp-content\/uploads\/2013\/09\/Testedz\u00e9s-id\u0151skorban.pdf\" target=\"_blank\">Testedz\u00e9s id\u0151skorban<\/a><\/p>\n","protected":false},"excerpt":{"rendered":"<p>A daganatos betegs\u00e9gek lelki okai A gyermekkori elh\u00edz\u00e1s A min\u0151s\u00e9gi t\u00e1pl\u00e1lkoz\u00e1s A t\u00e1pl\u00e1l\u00e9k \u00e9p\u00edt\u0151k\u00f6vei A t\u00e1pl\u00e1l\u00e9k \u00e9p\u00edt\u0151k\u00f6vei II A tudatos v\u00e1s\u00e1rl\u00e1s Az \u00e9ltet\u0151 v\u00edz Az optim\u00e1lis tests\u00faly titka El\u00e9rhet\u0151 mozg\u00e1sform\u00e1k mindenkinek T\u00e1pl\u00e1l\u00e9k azaz \u00e9let \u00e9s energia Testedz\u00e9s id\u0151skorban<\/p>\n","protected":false},"author":1,"featured_media":0,"parent":219,"menu_order":2,"comment_status":"open","ping_status":"open","template":"","meta":[],"_links":{"self":[{"href":"https:\/\/www.kiskunmajsafc.hu\/index.php?rest_route=\/wp\/v2\/pages\/42"}],"collection":[{"href":"https:\/\/www.kiskunmajsafc.hu\/index.php?rest_route=\/wp\/v2\/pages"}],"about":[{"href":"https:\/\/www.kiskunmajsafc.hu\/index.php?rest_route=\/wp\/v2\/types\/page"}],"author":[{"embeddable":true,"href":"https:\/\/www.kiskunmajsafc.hu\/index.php?rest_route=\/wp\/v2\/users\/1"}],"replies":[{"embeddable":true,"href":"https:\/\/www.kiskunmajsafc.hu\/index.php?rest_route=%2Fwp%2Fv2%2Fcomments&post=42"}],"version-history":[{"count":21,"href":"https:\/\/www.kiskunmajsafc.hu\/index.php?rest_route=\/wp\/v2\/pages\/42\/revisions"}],"predecessor-version":[{"id":245,"href":"https:\/\/www.kiskunmajsafc.hu\/index.php?rest_route=\/wp\/v2\/pages\/42\/revisions\/245"}],"up":[{"embeddable":true,"href":"https:\/\/www.kiskunmajsafc.hu\/index.php?rest_route=\/wp\/v2\/pages\/219"}],"wp:attachment":[{"href":"https:\/\/www.kiskunmajsafc.hu\/index.php?rest_route=%2Fwp%2Fv2%2Fmedia&parent=42"}],"curies":[{"name":"wp","href":"https:\/\/api.w.org\/{rel}","templated":true}]}}