{"id":40,"date":"2013-09-24T12:46:42","date_gmt":"2013-09-24T10:46:42","guid":{"rendered":"http:\/\/www.kiskunmajsafc.hu?page_id=40"},"modified":"2015-11-17T16:21:49","modified_gmt":"2015-11-17T15:21:49","slug":"tao","status":"publish","type":"page","link":"https:\/\/www.kiskunmajsafc.hu\/?page_id=40","title":{"rendered":"TAO"},"content":{"rendered":"<p>&nbsp;<\/p>\n<table class=\" aligncenter\" style=\"margin: 0 auto!important;\">\n<tbody>\n<tr>\n<td>\n<h2>2012-2013<\/h2>\n<\/td>\n<td><\/td>\n<td><\/td>\n<\/tr>\n<tr>\n<td style=\"text-align: center;\">\n<dl id=\"attachment_93\" class=\"wp-caption alignleft\" style=\"width: 160px;\">\n<dt class=\"wp-caption-dt\"><\/dt>\n<dt class=\"wp-caption-dt\"><\/dt>\n<dt class=\"wp-caption-dt\"><\/dt>\n<dt class=\"wp-caption-dt\"><\/dt>\n<dt class=\"wp-caption-dt\"><a href=\"http:\/\/www.kiskunmajsafc.hu\/wp-content\/uploads\/2013\/09\/Kiskunmajsa-FC-2012-Tao-j\u00f3v\u00e1hagy\u00f3-hat\u00e1rozat.pdf\" target=\"_blank\"><img loading=\"lazy\" class=\"  \" src=\"http:\/\/www.kiskunmajsafc.hu\/wp-content\/uploads\/2013\/09\/pdf-150x150.png\" alt=\"pdf\" width=\"150\" height=\"150\" \/><\/a><\/dt>\n<dd class=\"wp-caption-dd\">TAO hat\u00e1rozat<\/dd>\n<\/dl>\n<\/td>\n<td><\/td>\n<td><\/td>\n<\/tr>\n<tr>\n<td>\n<h2>2013-2014<\/h2>\n<\/td>\n<td><\/td>\n<td><\/td>\n<\/tr>\n<tr>\n<td style=\"text-align: center;\">\n<dl id=\"attachment_93\" class=\"wp-caption alignleft\" style=\"width: 160px;\">\n<dt class=\"wp-caption-dt\"><\/dt>\n<dt class=\"wp-caption-dt\"><\/dt>\n<dt class=\"wp-caption-dt\"><\/dt>\n<dt class=\"wp-caption-dt\"><\/dt>\n<dt class=\"wp-caption-dt\"><a href=\"http:\/\/www.kiskunmajsafc.hu\/wp-content\/uploads\/2013\/09\/Kiskunmajsa-FC-TAO-hatarozat-2013-14.pdf\" target=\"_blank\"><img loading=\"lazy\" class=\"aligncenter\" src=\"http:\/\/www.kiskunmajsafc.hu\/wp-content\/uploads\/2013\/09\/pdf-150x150.png\" alt=\"pdf\" width=\"150\" height=\"150\" \/><\/a><\/dt>\n<dd class=\"wp-caption-dd\">TAO hat\u00e1rozat<\/dd>\n<\/dl>\n<\/td>\n<td style=\"text-align: center;\">\n<dl id=\"attachment_93\" class=\"wp-caption alignleft\" style=\"width: 160px;\">\n<dt class=\"wp-caption-dt\"><\/dt>\n<dt class=\"wp-caption-dt\"><\/dt>\n<dt class=\"wp-caption-dt\"><\/dt>\n<dt class=\"wp-caption-dt\"><\/dt>\n<dt class=\"wp-caption-dt\"><a href=\"http:\/\/www.kiskunmajsafc.hu\/wp-content\/uploads\/2013\/09\/KiskunmajsaFC-TAO-J\u00f3v\u00e1hagy\u00f3-hat\u00e1rozat-2013.pdf\" target=\"_blank\"><img loading=\"lazy\" class=\"aligncenter\" src=\"http:\/\/www.kiskunmajsafc.hu\/wp-content\/uploads\/2013\/09\/pdf-150x150.png\" alt=\"pdf\" width=\"150\" height=\"150\" \/><\/a><\/dt>\n<dd class=\"wp-caption-dd\">TAO J\u00f3v\u00e1hagy\u00f3 hat\u00e1rozat<\/dd>\n<\/dl>\n<\/td>\n<td style=\"text-align: center;\">\n<dl id=\"attachment_93\" class=\"wp-caption alignleft\" style=\"width: 160px;\">\n<dt class=\"wp-caption-dt\"><\/dt>\n<dt class=\"wp-caption-dt\"><\/dt>\n<dt class=\"wp-caption-dt\"><\/dt>\n<dt class=\"wp-caption-dt\"><\/dt>\n<dt class=\"wp-caption-dt\"><\/dt>\n<dt class=\"wp-caption-dt\"><\/dt>\n<dt class=\"wp-caption-dt\"><\/dt>\n<dt class=\"wp-caption-dt\"><\/dt>\n<dt class=\"wp-caption-dt\"><\/dt>\n<dt class=\"wp-caption-dt\"><a href=\"http:\/\/www.kiskunmajsafc.hu\/wp-content\/uploads\/2013\/09\/KiskunmajsaFC-JH-TAO-P\u00e1ly\u00e1zat-2013.pdf\" target=\"_blank\"><img loading=\"lazy\" class=\"aligncenter\" src=\"http:\/\/www.kiskunmajsafc.hu\/wp-content\/uploads\/2013\/09\/pdf-150x150.png\" alt=\"pdf\" width=\"150\" height=\"150\" \/><\/a><\/dt>\n<dd class=\"wp-caption-dd\">JH TAO P\u00e1ly\u00e1zat<\/dd>\n<\/dl>\n<\/td>\n<\/tr>\n<tr>\n<td>\n<h2>2014-2015<\/h2>\n<\/td>\n<td><\/td>\n<td><\/td>\n<\/tr>\n<tr>\n<td style=\"text-align: center;\">\n<dl id=\"attachment_93\" class=\"wp-caption alignleft\" style=\"width: 160px;\">\n<dt class=\"wp-caption-dt\"><\/dt>\n<dt class=\"wp-caption-dt\"><\/dt>\n<dt class=\"wp-caption-dt\"><\/dt>\n<dt class=\"wp-caption-dt\"><\/dt>\n<dt class=\"wp-caption-dt\"><a href=\"http:\/\/www.kiskunmajsafc.hu\/wp-content\/uploads\/2014\/11\/KiskunmajsaFC-JH-TAO-P\u00e1ly\u00e1zat-2014.pdf\" target=\"_blank\"><img loading=\"lazy\" class=\" \" src=\"http:\/\/www.kiskunmajsafc.hu\/wp-content\/uploads\/2013\/09\/pdf-150x150.png\" alt=\"pdf\" width=\"150\" height=\"150\" \/><\/a><\/dt>\n<dd class=\"wp-caption-dd\">JH TAO P\u00e1ly\u00e1zat<\/dd>\n<\/dl>\n<\/td>\n<td style=\"text-align: center;\">\n<dl id=\"attachment_93\" class=\"wp-caption alignleft\" style=\"width: 160px;\">\n<dt class=\"wp-caption-dt\"><\/dt>\n<dt class=\"wp-caption-dt\"><\/dt>\n<dt class=\"wp-caption-dt\"><\/dt>\n<dt class=\"wp-caption-dt\"><\/dt>\n<dt class=\"wp-caption-dt\"><a href=\"http:\/\/www.kiskunmajsafc.hu\/wp-content\/uploads\/2014\/12\/SFPHAT_6171_1_20140826_SIGNED.pdf\" target=\"_blank\"><img loading=\"lazy\" class=\"aligncenter\" src=\"http:\/\/www.kiskunmajsafc.hu\/wp-content\/uploads\/2013\/09\/pdf-150x150.png\" alt=\"pdf\" width=\"150\" height=\"150\" \/><\/a><\/dt>\n<dd class=\"wp-caption-dd\">TAO J\u00f3v\u00e1hagy\u00f3 hat\u00e1rozat<\/dd>\n<\/dl>\n<\/td>\n<td><\/td>\n<td><\/td>\n<\/tr>\n<tr>\n<td>\n<h2>2015-2016<\/h2>\n<\/td>\n<td><\/td>\n<td><\/td>\n<\/tr>\n<tr>\n<td style=\"text-align: center;\">\n<dl id=\"attachment_93\" class=\"wp-caption alignleft\" style=\"width: 160px;\">\n<dt class=\"wp-caption-dt\"><\/dt>\n<dt class=\"wp-caption-dt\"><\/dt>\n<dt class=\"wp-caption-dt\"><\/dt>\n<dt class=\"wp-caption-dt\"><\/dt>\n<dt class=\"wp-caption-dt\"><a href=\"http:\/\/www.kiskunmajsafc.hu\/wp-content\/uploads\/2015\/11\/sfp_kerelem.pdf\" target=\"_blank\"><img loading=\"lazy\" class=\" \" src=\"http:\/\/www.kiskunmajsafc.hu\/wp-content\/uploads\/2013\/09\/pdf-150x150.png\" alt=\"pdf\" width=\"150\" height=\"150\" \/><\/a><\/dt>\n<dd class=\"wp-caption-dd\">K\u00e9relem<\/dd>\n<\/dl>\n<\/td>\n<td style=\"text-align: center;\">\n<dl id=\"attachment_93\" class=\"wp-caption alignleft\" style=\"width: 160px;\">\n<dt class=\"wp-caption-dt\"><\/dt>\n<dt class=\"wp-caption-dt\"><\/dt>\n<dt class=\"wp-caption-dt\"><\/dt>\n<dt class=\"wp-caption-dt\"><\/dt>\n<dt class=\"wp-caption-dt\"><a href=\"http:\/\/www.kiskunmajsafc.hu\/wp-content\/uploads\/2015\/11\/sfpjovahagyohatarozat.pdf\" target=\"_blank\"><img loading=\"lazy\" class=\"aligncenter\" src=\"http:\/\/www.kiskunmajsafc.hu\/wp-content\/uploads\/2013\/09\/pdf-150x150.png\" alt=\"pdf\" width=\"150\" height=\"150\" \/><\/a><\/dt>\n<dd class=\"wp-caption-dd\">J\u00f3v\u00e1hagy\u00f3 hat\u00e1rozat<\/dd>\n<\/dl>\n<\/td>\n<td><\/td>\n<td><\/td>\n<\/tr>\n<\/tbody>\n<\/table>\n","protected":false},"excerpt":{"rendered":"<p>&nbsp; 2012-2013 TAO hat\u00e1rozat 2013-2014 TAO hat\u00e1rozat TAO J\u00f3v\u00e1hagy\u00f3 hat\u00e1rozat JH TAO P\u00e1ly\u00e1zat 2014-2015 JH TAO P\u00e1ly\u00e1zat TAO J\u00f3v\u00e1hagy\u00f3 hat\u00e1rozat 2015-2016 K\u00e9relem J\u00f3v\u00e1hagy\u00f3 hat\u00e1rozat<\/p>\n","protected":false},"author":1,"featured_media":0,"parent":21,"menu_order":0,"comment_status":"open","ping_status":"open","template":"","meta":[],"_links":{"self":[{"href":"https:\/\/www.kiskunmajsafc.hu\/index.php?rest_route=\/wp\/v2\/pages\/40"}],"collection":[{"href":"https:\/\/www.kiskunmajsafc.hu\/index.php?rest_route=\/wp\/v2\/pages"}],"about":[{"href":"https:\/\/www.kiskunmajsafc.hu\/index.php?rest_route=\/wp\/v2\/types\/page"}],"author":[{"embeddable":true,"href":"https:\/\/www.kiskunmajsafc.hu\/index.php?rest_route=\/wp\/v2\/users\/1"}],"replies":[{"embeddable":true,"href":"https:\/\/www.kiskunmajsafc.hu\/index.php?rest_route=%2Fwp%2Fv2%2Fcomments&post=40"}],"version-history":[{"count":38,"href":"https:\/\/www.kiskunmajsafc.hu\/index.php?rest_route=\/wp\/v2\/pages\/40\/revisions"}],"predecessor-version":[{"id":263,"href":"https:\/\/www.kiskunmajsafc.hu\/index.php?rest_route=\/wp\/v2\/pages\/40\/revisions\/263"}],"up":[{"embeddable":true,"href":"https:\/\/www.kiskunmajsafc.hu\/index.php?rest_route=\/wp\/v2\/pages\/21"}],"wp:attachment":[{"href":"https:\/\/www.kiskunmajsafc.hu\/index.php?rest_route=%2Fwp%2Fv2%2Fmedia&parent=40"}],"curies":[{"name":"wp","href":"https:\/\/api.w.org\/{rel}","templated":true}]}}