{"id":31,"date":"2013-09-24T12:40:16","date_gmt":"2013-09-24T10:40:16","guid":{"rendered":"http:\/\/www.kiskunmajsafc.hu?page_id=31"},"modified":"2013-11-05T09:29:40","modified_gmt":"2013-11-05T08:29:40","slug":"mult","status":"publish","type":"page","link":"https:\/\/www.kiskunmajsafc.hu\/?page_id=31","title":{"rendered":"M\u00falt"},"content":{"rendered":"<p>1971. augusztus 20-\u00e1n p\u00e1lya avat\u00f3 a kecskem\u00e9ti f\u00e9mmunk\u00e1s ellen. Az\u00f3ta j\u00e1tszik itt a csapat. 1974-ben kies\u00e9s a megyei els\u0151 oszt\u00e1lyb\u00f3l.<\/p>\n<p>Feljut\u00e1s a megyei els\u0151 oszt\u00e1lyba 25 \u00e9v m\u00falva 1999-ben.<\/p>\n<p>2007-2010-igy sz\u00fcnetel a labdar\u00fag\u00e1s Majs\u00e1n.<\/p>\n<p>2010-2\u00e9v 2. oszt\u00e1ly 2012-t\u0151l ism\u00e9t megye I. oszt\u00e1ly.<\/p>\n<p>Legnagyobb siker a megyei kup\u00e1ban a f\u0151t\u00e1bl\u00e1ra jut\u00e1s, 128 csapat k\u00f6z\u00e9.<\/p>\n<p>Imrehegy, Kisk\u0151r\u00f6s, Kiskunhalasi AC, \u00c9rsekcsan\u00e1d kiver\u00e9se ut\u00e1n.<\/p>\n<p>F\u0151t\u00e1bl\u00e1n az NB III.-as Moh\u00e1cs \u00e1ll\u00edtotta meg a kiskunmajsai alakulatot.<\/p>\n<p>1984 \u00e1prilis 20. Budapesti Vasas vend\u00e9g szerepel Majs\u00e1n.<\/p>\n<p>Kakas, Hires, Komj\u00e1ti, Kiss L\u00e1szl\u00f3, Izs\u00f3 \u00e9s a majsai Balog Tiborral fel\u00e1ll\u00f3 Vasas.<\/p>\n<p>Kiskunmajsai labdar\u00fag\u00f3 csapat 1939-ben alakult .<\/p>\n<p>&nbsp;<\/p>\n<p>Ismertebb j\u00e1t\u00e9kosok: Horv\u00e1th Istv\u00e1n 1950-54. Kiskunf\u00e9legyh\u00e1zi Vasas NBII.<\/p>\n<p>Dinny\u00e9s Ferenc 1966-68 Kecskem\u00e9ti TE NBII.<\/p>\n<p>Kurcsai Lajos 1973-78 Kecskem\u00e9ti SC NBI\/B<\/p>\n<p>Tasn\u00e1di J\u00f3zsef 1979-1993 Kecskem\u00e9ti Te, Tiszak\u00e9cske NBII.<\/p>\n<p>Sz\u0171cs Zsolt Kecskem\u00e9ti SC 1984 NB II.<\/p>\n<p>Kerpits Ferenc 1975 Kecskem\u00e9ten NB III.<\/p>\n<p>&nbsp;<\/p>\n<p>Legismertebb majsai j\u00e1t\u00e9kos:<\/p>\n<p>Balog Tibor-Budapesti Vasas 1977-89<\/p>\n<p>\u00dajpesti D\u00f3zsa 1989-90-Magyar bajnok<\/p>\n<p>Budapesti Vasas 1986-Magyarkupa gy\u0151ztes<\/p>\n<p>12-szeres v\u00e1logatott labdar\u00fag\u00f3 t\u00f6bb mint 250 szer l\u00e9pett p\u00e1ly\u00e1ra az NB I-ben.<\/p>\n","protected":false},"excerpt":{"rendered":"<p>1971. augusztus 20-\u00e1n p\u00e1lya avat\u00f3 a kecskem\u00e9ti f\u00e9mmunk\u00e1s ellen. Az\u00f3ta j\u00e1tszik itt a csapat. 1974-ben kies\u00e9s a megyei els\u0151 oszt\u00e1lyb\u00f3l. Feljut\u00e1s a megyei els\u0151 oszt\u00e1lyba 25 \u00e9v m\u00falva 1999-ben. 2007-2010-igy sz\u00fcnetel a labdar\u00fag\u00e1s Majs\u00e1n. 2010-2\u00e9v 2. oszt\u00e1ly 2012-t\u0151l ism\u00e9t megye I. oszt\u00e1ly. Legnagyobb siker a megyei kup\u00e1ban a f\u0151t\u00e1bl\u00e1ra jut\u00e1s, 128 csapat k\u00f6z\u00e9. Imrehegy, Kisk\u0151r\u00f6s, [&hellip;]<\/p>\n","protected":false},"author":1,"featured_media":0,"parent":15,"menu_order":0,"comment_status":"open","ping_status":"open","template":"","meta":[],"_links":{"self":[{"href":"https:\/\/www.kiskunmajsafc.hu\/index.php?rest_route=\/wp\/v2\/pages\/31"}],"collection":[{"href":"https:\/\/www.kiskunmajsafc.hu\/index.php?rest_route=\/wp\/v2\/pages"}],"about":[{"href":"https:\/\/www.kiskunmajsafc.hu\/index.php?rest_route=\/wp\/v2\/types\/page"}],"author":[{"embeddable":true,"href":"https:\/\/www.kiskunmajsafc.hu\/index.php?rest_route=\/wp\/v2\/users\/1"}],"replies":[{"embeddable":true,"href":"https:\/\/www.kiskunmajsafc.hu\/index.php?rest_route=%2Fwp%2Fv2%2Fcomments&post=31"}],"version-history":[{"count":5,"href":"https:\/\/www.kiskunmajsafc.hu\/index.php?rest_route=\/wp\/v2\/pages\/31\/revisions"}],"predecessor-version":[{"id":68,"href":"https:\/\/www.kiskunmajsafc.hu\/index.php?rest_route=\/wp\/v2\/pages\/31\/revisions\/68"}],"up":[{"embeddable":true,"href":"https:\/\/www.kiskunmajsafc.hu\/index.php?rest_route=\/wp\/v2\/pages\/15"}],"wp:attachment":[{"href":"https:\/\/www.kiskunmajsafc.hu\/index.php?rest_route=%2Fwp%2Fv2%2Fmedia&parent=31"}],"curies":[{"name":"wp","href":"https:\/\/api.w.org\/{rel}","templated":true}]}}