{"id":296,"date":"2017-01-02T15:21:54","date_gmt":"2017-01-02T14:21:54","guid":{"rendered":"http:\/\/www.kiskunmajsafc.hu\/?page_id=296"},"modified":"2017-01-24T08:27:04","modified_gmt":"2017-01-24T07:27:04","slug":"felnott","status":"publish","type":"page","link":"https:\/\/www.kiskunmajsafc.hu\/?page_id=296","title":{"rendered":"Feln\u0151tt"},"content":{"rendered":"<ol>\n<li>Mikovic Srdjan<\/li>\n<li>Vizin Darko<\/li>\n<li>Dom\u00e1n G\u00e1bor<\/li>\n<li>Gera Bence<\/li>\n<li>Sz\u0151ke Patrik P\u00e1l<\/li>\n<li>M\u00e1t\u00e9 Bendeg\u00faz<\/li>\n<li>Kozma Tam\u00e1s<\/li>\n<li>Gilicze Bence Zolt\u00e1n<\/li>\n<li>Bogn\u00e1r Bence Szabolcs<\/li>\n<li>Nyerges Zolt\u00e1n<\/li>\n<li>Sipos J\u00f3zsef<\/li>\n<li>G\u00e1l Viktor<\/li>\n<li>Z\u00e1dori M\u00e1rk<\/li>\n<li>Horv\u00e1th L\u00e1szl\u00f3<\/li>\n<li>Andricz J\u00f3zsef<\/li>\n<li>Csontos J\u00f3zsef<\/li>\n<\/ol>\n","protected":false},"excerpt":{"rendered":"<p>Mikovic Srdjan Vizin Darko Dom\u00e1n G\u00e1bor Gera Bence Sz\u0151ke Patrik P\u00e1l M\u00e1t\u00e9 Bendeg\u00faz Kozma Tam\u00e1s Gilicze Bence Zolt\u00e1n Bogn\u00e1r Bence Szabolcs Nyerges Zolt\u00e1n Sipos J\u00f3zsef G\u00e1l Viktor Z\u00e1dori M\u00e1rk Horv\u00e1th L\u00e1szl\u00f3 Andricz J\u00f3zsef Csontos J\u00f3zsef<\/p>\n","protected":false},"author":1,"featured_media":0,"parent":19,"menu_order":0,"comment_status":"closed","ping_status":"closed","template":"","meta":[],"_links":{"self":[{"href":"https:\/\/www.kiskunmajsafc.hu\/index.php?rest_route=\/wp\/v2\/pages\/296"}],"collection":[{"href":"https:\/\/www.kiskunmajsafc.hu\/index.php?rest_route=\/wp\/v2\/pages"}],"about":[{"href":"https:\/\/www.kiskunmajsafc.hu\/index.php?rest_route=\/wp\/v2\/types\/page"}],"author":[{"embeddable":true,"href":"https:\/\/www.kiskunmajsafc.hu\/index.php?rest_route=\/wp\/v2\/users\/1"}],"replies":[{"embeddable":true,"href":"https:\/\/www.kiskunmajsafc.hu\/index.php?rest_route=%2Fwp%2Fv2%2Fcomments&post=296"}],"version-history":[{"count":4,"href":"https:\/\/www.kiskunmajsafc.hu\/index.php?rest_route=\/wp\/v2\/pages\/296\/revisions"}],"predecessor-version":[{"id":347,"href":"https:\/\/www.kiskunmajsafc.hu\/index.php?rest_route=\/wp\/v2\/pages\/296\/revisions\/347"}],"up":[{"embeddable":true,"href":"https:\/\/www.kiskunmajsafc.hu\/index.php?rest_route=\/wp\/v2\/pages\/19"}],"wp:attachment":[{"href":"https:\/\/www.kiskunmajsafc.hu\/index.php?rest_route=%2Fwp%2Fv2%2Fmedia&parent=296"}],"curies":[{"name":"wp","href":"https:\/\/api.w.org\/{rel}","templated":true}]}}