{"id":26,"date":"2013-09-24T12:38:40","date_gmt":"2013-09-24T10:38:40","guid":{"rendered":"http:\/\/www.kiskunmajsafc.hu?page_id=26"},"modified":"2017-12-11T15:40:29","modified_gmt":"2017-12-11T14:40:29","slug":"vezetoseg","status":"publish","type":"page","link":"https:\/\/www.kiskunmajsafc.hu\/?page_id=26","title":{"rendered":"Vezet\u0151s\u00e9g"},"content":{"rendered":"<p>L\u0151rik L\u00e1szl\u00f3 Eln\u00f6k<\/p>\n<p>M\u00f3zer Csaba Aleln\u00f6k<\/p>\n<p>Senk\u00f3 Csaba\u00a0Titk\u00e1r<\/p>\n","protected":false},"excerpt":{"rendered":"<p>L\u0151rik L\u00e1szl\u00f3 Eln\u00f6k M\u00f3zer Csaba Aleln\u00f6k Senk\u00f3 Csaba\u00a0Titk\u00e1r<\/p>\n","protected":false},"author":1,"featured_media":0,"parent":15,"menu_order":0,"comment_status":"open","ping_status":"open","template":"","meta":[],"_links":{"self":[{"href":"https:\/\/www.kiskunmajsafc.hu\/index.php?rest_route=\/wp\/v2\/pages\/26"}],"collection":[{"href":"https:\/\/www.kiskunmajsafc.hu\/index.php?rest_route=\/wp\/v2\/pages"}],"about":[{"href":"https:\/\/www.kiskunmajsafc.hu\/index.php?rest_route=\/wp\/v2\/types\/page"}],"author":[{"embeddable":true,"href":"https:\/\/www.kiskunmajsafc.hu\/index.php?rest_route=\/wp\/v2\/users\/1"}],"replies":[{"embeddable":true,"href":"https:\/\/www.kiskunmajsafc.hu\/index.php?rest_route=%2Fwp%2Fv2%2Fcomments&post=26"}],"version-history":[{"count":5,"href":"https:\/\/www.kiskunmajsafc.hu\/index.php?rest_route=\/wp\/v2\/pages\/26\/revisions"}],"predecessor-version":[{"id":366,"href":"https:\/\/www.kiskunmajsafc.hu\/index.php?rest_route=\/wp\/v2\/pages\/26\/revisions\/366"}],"up":[{"embeddable":true,"href":"https:\/\/www.kiskunmajsafc.hu\/index.php?rest_route=\/wp\/v2\/pages\/15"}],"wp:attachment":[{"href":"https:\/\/www.kiskunmajsafc.hu\/index.php?rest_route=%2Fwp%2Fv2%2Fmedia&parent=26"}],"curies":[{"name":"wp","href":"https:\/\/api.w.org\/{rel}","templated":true}]}}