{"id":257,"date":"2015-01-14T14:40:43","date_gmt":"2015-01-14T13:40:43","guid":{"rendered":"http:\/\/www.kiskunmajsafc.hu\/?page_id=257"},"modified":"2015-01-14T14:55:03","modified_gmt":"2015-01-14T13:55:03","slug":"sportfoglalkozasok","status":"publish","type":"page","link":"https:\/\/www.kiskunmajsafc.hu\/?page_id=257","title":{"rendered":"Sportfoglalkoz\u00e1sok"},"content":{"rendered":"<p><a href=\"http:\/\/www.kiskunmajsafc.hu\/wp-content\/uploads\/2015\/01\/SPORTFOGLALKOZ\u00c1SOK-BESZ\u00c1MOL\u00d3JA.pdf\" target=\"_blank\">Sportfoglalkoz\u00e1sok besz\u00e1mol\u00f3ja<\/a><\/p>\n","protected":false},"excerpt":{"rendered":"<p>Sportfoglalkoz\u00e1sok besz\u00e1mol\u00f3ja<\/p>\n","protected":false},"author":1,"featured_media":0,"parent":219,"menu_order":9,"comment_status":"open","ping_status":"open","template":"","meta":[],"_links":{"self":[{"href":"https:\/\/www.kiskunmajsafc.hu\/index.php?rest_route=\/wp\/v2\/pages\/257"}],"collection":[{"href":"https:\/\/www.kiskunmajsafc.hu\/index.php?rest_route=\/wp\/v2\/pages"}],"about":[{"href":"https:\/\/www.kiskunmajsafc.hu\/index.php?rest_route=\/wp\/v2\/types\/page"}],"author":[{"embeddable":true,"href":"https:\/\/www.kiskunmajsafc.hu\/index.php?rest_route=\/wp\/v2\/users\/1"}],"replies":[{"embeddable":true,"href":"https:\/\/www.kiskunmajsafc.hu\/index.php?rest_route=%2Fwp%2Fv2%2Fcomments&post=257"}],"version-history":[{"count":1,"href":"https:\/\/www.kiskunmajsafc.hu\/index.php?rest_route=\/wp\/v2\/pages\/257\/revisions"}],"predecessor-version":[{"id":259,"href":"https:\/\/www.kiskunmajsafc.hu\/index.php?rest_route=\/wp\/v2\/pages\/257\/revisions\/259"}],"up":[{"embeddable":true,"href":"https:\/\/www.kiskunmajsafc.hu\/index.php?rest_route=\/wp\/v2\/pages\/219"}],"wp:attachment":[{"href":"https:\/\/www.kiskunmajsafc.hu\/index.php?rest_route=%2Fwp%2Fv2%2Fmedia&parent=257"}],"curies":[{"name":"wp","href":"https:\/\/api.w.org\/{rel}","templated":true}]}}