{"id":254,"date":"2015-01-14T14:38:49","date_gmt":"2015-01-14T13:38:49","guid":{"rendered":"http:\/\/www.kiskunmajsafc.hu\/?page_id=254"},"modified":"2015-01-14T14:46:01","modified_gmt":"2015-01-14T13:46:01","slug":"allapotfelmeres","status":"publish","type":"page","link":"https:\/\/www.kiskunmajsafc.hu\/?page_id=254","title":{"rendered":"\u00c1llapotfelm\u00e9r\u00e9s"},"content":{"rendered":"<p><a href=\"http:\/\/www.kiskunmajsafc.hu\/wp-content\/uploads\/2015\/01\/\u00c1LLAPOTFELM\u00c9R\u00c9S-BESZ\u00c1MOL\u00d3.pdf\" target=\"_blank\">\u00c1llapotfelm\u00e9r\u00e9s besz\u00e1mol\u00f3<\/a><\/p>\n","protected":false},"excerpt":{"rendered":"<p>\u00c1llapotfelm\u00e9r\u00e9s besz\u00e1mol\u00f3<\/p>\n","protected":false},"author":1,"featured_media":0,"parent":219,"menu_order":3,"comment_status":"open","ping_status":"open","template":"","meta":[],"_links":{"self":[{"href":"https:\/\/www.kiskunmajsafc.hu\/index.php?rest_route=\/wp\/v2\/pages\/254"}],"collection":[{"href":"https:\/\/www.kiskunmajsafc.hu\/index.php?rest_route=\/wp\/v2\/pages"}],"about":[{"href":"https:\/\/www.kiskunmajsafc.hu\/index.php?rest_route=\/wp\/v2\/types\/page"}],"author":[{"embeddable":true,"href":"https:\/\/www.kiskunmajsafc.hu\/index.php?rest_route=\/wp\/v2\/users\/1"}],"replies":[{"embeddable":true,"href":"https:\/\/www.kiskunmajsafc.hu\/index.php?rest_route=%2Fwp%2Fv2%2Fcomments&post=254"}],"version-history":[{"count":1,"href":"https:\/\/www.kiskunmajsafc.hu\/index.php?rest_route=\/wp\/v2\/pages\/254\/revisions"}],"predecessor-version":[{"id":256,"href":"https:\/\/www.kiskunmajsafc.hu\/index.php?rest_route=\/wp\/v2\/pages\/254\/revisions\/256"}],"up":[{"embeddable":true,"href":"https:\/\/www.kiskunmajsafc.hu\/index.php?rest_route=\/wp\/v2\/pages\/219"}],"wp:attachment":[{"href":"https:\/\/www.kiskunmajsafc.hu\/index.php?rest_route=%2Fwp%2Fv2%2Fmedia&parent=254"}],"curies":[{"name":"wp","href":"https:\/\/api.w.org\/{rel}","templated":true}]}}