{"id":238,"date":"2015-01-14T11:16:53","date_gmt":"2015-01-14T10:16:53","guid":{"rendered":"http:\/\/www.kiskunmajsafc.hu\/?page_id=238"},"modified":"2015-01-14T14:54:28","modified_gmt":"2015-01-14T13:54:28","slug":"klubfoglalkozasok","status":"publish","type":"page","link":"https:\/\/www.kiskunmajsafc.hu\/?page_id=238","title":{"rendered":"Klubfoglalkoz\u00e1sok"},"content":{"rendered":"<p><a href=\"http:\/\/www.kiskunmajsafc.hu\/wp-content\/uploads\/2015\/01\/Besz\u00e1mol\u00f3-klubfoglalkoz\u00e1s.pdf\" target=\"_blank\">Besz\u00e1mol\u00f3 klubfoglalkoz\u00e1s<\/a><\/p>\n","protected":false},"excerpt":{"rendered":"<p>Besz\u00e1mol\u00f3 klubfoglalkoz\u00e1s<\/p>\n","protected":false},"author":1,"featured_media":0,"parent":219,"menu_order":8,"comment_status":"open","ping_status":"open","template":"","meta":[],"_links":{"self":[{"href":"https:\/\/www.kiskunmajsafc.hu\/index.php?rest_route=\/wp\/v2\/pages\/238"}],"collection":[{"href":"https:\/\/www.kiskunmajsafc.hu\/index.php?rest_route=\/wp\/v2\/pages"}],"about":[{"href":"https:\/\/www.kiskunmajsafc.hu\/index.php?rest_route=\/wp\/v2\/types\/page"}],"author":[{"embeddable":true,"href":"https:\/\/www.kiskunmajsafc.hu\/index.php?rest_route=\/wp\/v2\/users\/1"}],"replies":[{"embeddable":true,"href":"https:\/\/www.kiskunmajsafc.hu\/index.php?rest_route=%2Fwp%2Fv2%2Fcomments&post=238"}],"version-history":[{"count":1,"href":"https:\/\/www.kiskunmajsafc.hu\/index.php?rest_route=\/wp\/v2\/pages\/238\/revisions"}],"predecessor-version":[{"id":240,"href":"https:\/\/www.kiskunmajsafc.hu\/index.php?rest_route=\/wp\/v2\/pages\/238\/revisions\/240"}],"up":[{"embeddable":true,"href":"https:\/\/www.kiskunmajsafc.hu\/index.php?rest_route=\/wp\/v2\/pages\/219"}],"wp:attachment":[{"href":"https:\/\/www.kiskunmajsafc.hu\/index.php?rest_route=%2Fwp%2Fv2%2Fmedia&parent=238"}],"curies":[{"name":"wp","href":"https:\/\/api.w.org\/{rel}","templated":true}]}}