{"id":235,"date":"2015-01-14T11:13:40","date_gmt":"2015-01-14T10:13:40","guid":{"rendered":"http:\/\/www.kiskunmajsafc.hu\/?page_id=235"},"modified":"2015-01-14T14:53:38","modified_gmt":"2015-01-14T13:53:38","slug":"eletmod-tabor","status":"publish","type":"page","link":"https:\/\/www.kiskunmajsafc.hu\/?page_id=235","title":{"rendered":"\u00c9letm\u00f3d t\u00e1bor"},"content":{"rendered":"<p><a href=\"http:\/\/www.kiskunmajsafc.hu\/wp-content\/uploads\/2015\/01\/Besz\u00e1mol\u00f3-t\u00e1bor.pdf\" target=\"_blank\">Besz\u00e1mol\u00f3 t\u00e1bor<\/a><\/p>\n","protected":false},"excerpt":{"rendered":"<p>Besz\u00e1mol\u00f3 t\u00e1bor<\/p>\n","protected":false},"author":1,"featured_media":0,"parent":219,"menu_order":5,"comment_status":"open","ping_status":"open","template":"","meta":[],"_links":{"self":[{"href":"https:\/\/www.kiskunmajsafc.hu\/index.php?rest_route=\/wp\/v2\/pages\/235"}],"collection":[{"href":"https:\/\/www.kiskunmajsafc.hu\/index.php?rest_route=\/wp\/v2\/pages"}],"about":[{"href":"https:\/\/www.kiskunmajsafc.hu\/index.php?rest_route=\/wp\/v2\/types\/page"}],"author":[{"embeddable":true,"href":"https:\/\/www.kiskunmajsafc.hu\/index.php?rest_route=\/wp\/v2\/users\/1"}],"replies":[{"embeddable":true,"href":"https:\/\/www.kiskunmajsafc.hu\/index.php?rest_route=%2Fwp%2Fv2%2Fcomments&post=235"}],"version-history":[{"count":1,"href":"https:\/\/www.kiskunmajsafc.hu\/index.php?rest_route=\/wp\/v2\/pages\/235\/revisions"}],"predecessor-version":[{"id":237,"href":"https:\/\/www.kiskunmajsafc.hu\/index.php?rest_route=\/wp\/v2\/pages\/235\/revisions\/237"}],"up":[{"embeddable":true,"href":"https:\/\/www.kiskunmajsafc.hu\/index.php?rest_route=\/wp\/v2\/pages\/219"}],"wp:attachment":[{"href":"https:\/\/www.kiskunmajsafc.hu\/index.php?rest_route=%2Fwp%2Fv2%2Fmedia&parent=235"}],"curies":[{"name":"wp","href":"https:\/\/api.w.org\/{rel}","templated":true}]}}