{"id":232,"date":"2015-01-14T11:10:00","date_gmt":"2015-01-14T10:10:00","guid":{"rendered":"http:\/\/www.kiskunmajsafc.hu\/?page_id=232"},"modified":"2015-01-14T14:53:04","modified_gmt":"2015-01-14T13:53:04","slug":"egeszsegterv","status":"publish","type":"page","link":"https:\/\/www.kiskunmajsafc.hu\/?page_id=232","title":{"rendered":"Eg\u00e9szs\u00e9gterv"},"content":{"rendered":"<p><a href=\"http:\/\/www.kiskunmajsafc.hu\/wp-content\/uploads\/2015\/01\/Eg\u00e9szs\u00e9gterv-\u00f6sszefoglal\u00f3.pdf\" target=\"_blank\">Eg\u00e9szs\u00e9gterv \u00f6sszefoglal\u00f3<\/a><\/p>\n<p><a href=\"http:\/\/www.kiskunmajsafc.hu\/wp-content\/uploads\/2015\/01\/Eg\u00e9szs\u00e9gterv.pdf\" target=\"_blank\">Eg\u00e9szs\u00e9gterv<\/a><\/p>\n","protected":false},"excerpt":{"rendered":"<p>Eg\u00e9szs\u00e9gterv \u00f6sszefoglal\u00f3 Eg\u00e9szs\u00e9gterv<\/p>\n","protected":false},"author":1,"featured_media":0,"parent":219,"menu_order":7,"comment_status":"open","ping_status":"open","template":"","meta":[],"_links":{"self":[{"href":"https:\/\/www.kiskunmajsafc.hu\/index.php?rest_route=\/wp\/v2\/pages\/232"}],"collection":[{"href":"https:\/\/www.kiskunmajsafc.hu\/index.php?rest_route=\/wp\/v2\/pages"}],"about":[{"href":"https:\/\/www.kiskunmajsafc.hu\/index.php?rest_route=\/wp\/v2\/types\/page"}],"author":[{"embeddable":true,"href":"https:\/\/www.kiskunmajsafc.hu\/index.php?rest_route=\/wp\/v2\/users\/1"}],"replies":[{"embeddable":true,"href":"https:\/\/www.kiskunmajsafc.hu\/index.php?rest_route=%2Fwp%2Fv2%2Fcomments&post=232"}],"version-history":[{"count":2,"href":"https:\/\/www.kiskunmajsafc.hu\/index.php?rest_route=\/wp\/v2\/pages\/232\/revisions"}],"predecessor-version":[{"id":253,"href":"https:\/\/www.kiskunmajsafc.hu\/index.php?rest_route=\/wp\/v2\/pages\/232\/revisions\/253"}],"up":[{"embeddable":true,"href":"https:\/\/www.kiskunmajsafc.hu\/index.php?rest_route=\/wp\/v2\/pages\/219"}],"wp:attachment":[{"href":"https:\/\/www.kiskunmajsafc.hu\/index.php?rest_route=%2Fwp%2Fv2%2Fmedia&parent=232"}],"curies":[{"name":"wp","href":"https:\/\/api.w.org\/{rel}","templated":true}]}}