{"id":228,"date":"2015-01-14T11:06:02","date_gmt":"2015-01-14T10:06:02","guid":{"rendered":"http:\/\/www.kiskunmajsafc.hu\/?page_id=228"},"modified":"2015-01-14T14:53:20","modified_gmt":"2015-01-14T13:53:20","slug":"egeszsegnap","status":"publish","type":"page","link":"https:\/\/www.kiskunmajsafc.hu\/?page_id=228","title":{"rendered":"Eg\u00e9szs\u00e9gnap"},"content":{"rendered":"<p><a href=\"http:\/\/www.kiskunmajsafc.hu\/wp-content\/uploads\/2015\/01\/Eg\u00e9szs\u00e9gnap-besz\u00e1mol\u00f3.pdf\" target=\"_blank\">Eg\u00e9szs\u00e9gnap besz\u00e1mol\u00f3<\/a><\/p>\n","protected":false},"excerpt":{"rendered":"<p>Eg\u00e9szs\u00e9gnap besz\u00e1mol\u00f3<\/p>\n","protected":false},"author":1,"featured_media":0,"parent":219,"menu_order":6,"comment_status":"open","ping_status":"open","template":"","meta":[],"_links":{"self":[{"href":"https:\/\/www.kiskunmajsafc.hu\/index.php?rest_route=\/wp\/v2\/pages\/228"}],"collection":[{"href":"https:\/\/www.kiskunmajsafc.hu\/index.php?rest_route=\/wp\/v2\/pages"}],"about":[{"href":"https:\/\/www.kiskunmajsafc.hu\/index.php?rest_route=\/wp\/v2\/types\/page"}],"author":[{"embeddable":true,"href":"https:\/\/www.kiskunmajsafc.hu\/index.php?rest_route=\/wp\/v2\/users\/1"}],"replies":[{"embeddable":true,"href":"https:\/\/www.kiskunmajsafc.hu\/index.php?rest_route=%2Fwp%2Fv2%2Fcomments&post=228"}],"version-history":[{"count":2,"href":"https:\/\/www.kiskunmajsafc.hu\/index.php?rest_route=\/wp\/v2\/pages\/228\/revisions"}],"predecessor-version":[{"id":231,"href":"https:\/\/www.kiskunmajsafc.hu\/index.php?rest_route=\/wp\/v2\/pages\/228\/revisions\/231"}],"up":[{"embeddable":true,"href":"https:\/\/www.kiskunmajsafc.hu\/index.php?rest_route=\/wp\/v2\/pages\/219"}],"wp:attachment":[{"href":"https:\/\/www.kiskunmajsafc.hu\/index.php?rest_route=%2Fwp%2Fv2%2Fmedia&parent=228"}],"curies":[{"name":"wp","href":"https:\/\/api.w.org\/{rel}","templated":true}]}}