{"id":21,"date":"2013-09-24T12:36:44","date_gmt":"2013-09-24T10:36:44","guid":{"rendered":"http:\/\/www.kiskunmajsafc.hu?page_id=21"},"modified":"2021-06-10T12:13:28","modified_gmt":"2021-06-10T10:13:28","slug":"tamogatasok","status":"publish","type":"page","link":"https:\/\/www.kiskunmajsafc.hu\/?page_id=21","title":{"rendered":"T\u00e1mogat\u00e1sok"},"content":{"rendered":"<p><a href=\"http:\/\/www.kiskunmajsafc.hu\/wp-content\/uploads\/2017\/06\/Kiskunmajsai-FC-2016.-\u00e9vi-ad\u00f3-1.pdf\">Kiskunmajsai FC 2016. \u00e9vi ad\u00f3 1%<\/a><\/p>\n<p><a href=\"http:\/\/www.kiskunmajsafc.hu\/wp-content\/uploads\/2018\/05\/K\u00f6zlem\u00e9ny-1.pdf\">Kiskunmajsa FC 2017. ad\u00f3 1%<\/a><\/p>\n\n\n<p><\/p>\n","protected":false},"excerpt":{"rendered":"<p>Kiskunmajsai FC 2016. \u00e9vi ad\u00f3 1% Kiskunmajsa FC 2017. ad\u00f3 1%<\/p>\n","protected":false},"author":1,"featured_media":0,"parent":0,"menu_order":0,"comment_status":"open","ping_status":"open","template":"","meta":[],"_links":{"self":[{"href":"https:\/\/www.kiskunmajsafc.hu\/index.php?rest_route=\/wp\/v2\/pages\/21"}],"collection":[{"href":"https:\/\/www.kiskunmajsafc.hu\/index.php?rest_route=\/wp\/v2\/pages"}],"about":[{"href":"https:\/\/www.kiskunmajsafc.hu\/index.php?rest_route=\/wp\/v2\/types\/page"}],"author":[{"embeddable":true,"href":"https:\/\/www.kiskunmajsafc.hu\/index.php?rest_route=\/wp\/v2\/users\/1"}],"replies":[{"embeddable":true,"href":"https:\/\/www.kiskunmajsafc.hu\/index.php?rest_route=%2Fwp%2Fv2%2Fcomments&post=21"}],"version-history":[{"count":4,"href":"https:\/\/www.kiskunmajsafc.hu\/index.php?rest_route=\/wp\/v2\/pages\/21\/revisions"}],"predecessor-version":[{"id":1069,"href":"https:\/\/www.kiskunmajsafc.hu\/index.php?rest_route=\/wp\/v2\/pages\/21\/revisions\/1069"}],"wp:attachment":[{"href":"https:\/\/www.kiskunmajsafc.hu\/index.php?rest_route=%2Fwp%2Fv2%2Fmedia&parent=21"}],"curies":[{"name":"wp","href":"https:\/\/api.w.org\/{rel}","templated":true}]}}